{"id":2444,"date":"2021-07-21T15:00:52","date_gmt":"2021-07-21T15:00:52","guid":{"rendered":"https:\/\/vmmobiliario.basic-dev.com\/?page_id=2444"},"modified":"2021-12-07T11:36:28","modified_gmt":"2021-12-07T11:36:28","slug":"politica-de-privacidade","status":"publish","type":"page","link":"https:\/\/vmmobiliario.com\/es\/politica-de-privacidade\/","title":{"rendered":"Pol\u00edtica de Privacidade"},"content":{"rendered":"<p>\u201cVitor Moreira\u201d (Vitor Moreira Unipessoal Lda.), en adelante \u201cVitor Moreira Mobili\u00e1rio\u201d, reconoce la importancia de la protecci\u00f3n de los datos personales. Valoramos la honestidad y la transparencia, para construir una relaci\u00f3n duradera con nuestros usuarios, basada en la confianza y el beneficio mutuo.<br \/>\nEsta Pol\u00edtica de Privacidad est\u00e1 destinada a explicar nuestro proceso de procesamiento de datos personales. Si tiene alguna pregunta sobre nuestra pol\u00edtica de privacidad o t\u00e9rminos y condiciones, puede contactarnos a trav\u00e9s de los medios mencionados en 1.1.<br \/>\nAl utilizar nuestro sitio web, acepta los t\u00e9rminos descritos en esta pol\u00edtica de privacidad.<\/p>\n<p><strong>1. Identificaci\u00f3n de la empresa<\/strong><\/p>\n<p>1.1. Este sitio web y la Pol\u00edtica de Privacidad correspondiente son administrados por<\/p>\n<p>Empresa: Vitor Moreira Mobili\u00e1rio (Vitor Moreira Unipessoal Lda.)<br \/>\nSede: Avenida de Campos N\u00ba362, 4580-646 Vilela &#8211; Paredes, Porto &#8211; Portugal<br \/>\nN\u00famero de IVA: 507912721<br \/>\nConsultas y aclaraci\u00f3n de dudas: info@vmmobiliario.com<\/p>\n<p><strong>2. Principios<\/strong><\/p>\n<p>2.1. Respeto a los deseos del usuario.<br \/>\nRespetamos la privacidad y seguridad de los datos personales, garantizando las preferencias del usuario, as\u00ed como su gesti\u00f3n aut\u00f3noma, gratuita y sencilla. Si el usuario no est\u00e1 de acuerdo con alg\u00fan punto a que se refiere esta pol\u00edtica, podr\u00e1, en cualquier momento, oponerse poni\u00e9ndose en contacto con nosotros a trav\u00e9s de los medios mencionados en 1.1.<\/p>\n<p>2.2. Buenas practicas<br \/>\nToda su informaci\u00f3n personal recopilada se utilizar\u00e1 para ayudar a que su visita a nuestro sitio web sea lo m\u00e1s productiva y agradable posible. Garantizar la confidencialidad de los datos personales de los usuarios de nuestro sitio web es importante para Vitor Moreira Mobili\u00e1rio.<br \/>\nGarantizamos que los datos personales se procesan en Portugal de manera correcta, legal y de acuerdo con las mejores pr\u00e1cticas.<\/p>\n<p>2.4. Necesidad estricta<br \/>\nAl procesar datos que puedan identificar al usuario personalmente, directa o indirectamente, aplicamos el principio de estricta necesidad. Por este motivo, el uso de los datos personales ser\u00e1 m\u00ednimo, de manera que no exceda la finalidad original para la que fueron recabados y\/o tratados.<\/p>\n<p><strong>3. Recopilaci\u00f3n y procesamiento de datos personales<\/strong><\/p>\n<p>3.1. Los datos personales recabados y tratados por Vitor Moreira Mobili\u00e1rio son \u00fanicamente aquellos que el usuario de forma voluntaria, expresa e inequ\u00edvoca, introduce en los formularios de este sitio web.<\/p>\n<p>3.2. Los datos personales recogidos son: raz\u00f3n social, contribuyente, nombre de la persona de contacto, correo electr\u00f3nico, tel\u00e9fono y direcci\u00f3n.<\/p>\n<p><strong>4. Finalidad del tratamiento de los datos personales<\/strong><\/p>\n<p>4.1. Los datos personales son recogidos y tratados por Vitor Moreira Mobili\u00e1rio \u00fanicamente para finalidades estrictamente relacionadas con el uso de este sitio web, sus servicios, la venta de productos, la gesti\u00f3n y mejora del programa de fidelizaci\u00f3n, marketing directo, soporte y atenci\u00f3n al cliente.<\/p>\n<p>4.2. Vitor Moreira Mobili\u00e1rio busca mantener la relaci\u00f3n con el usuario y brindarle los beneficios adecuados, informaci\u00f3n y contenido relevante relacionado con nuestra marca. Los datos solo se procesar\u00e1n para estos fines espec\u00edficos, expl\u00edcitos y leg\u00edtimos, y no se procesar\u00e1n m\u00e1s de una manera que sea incompatible con estos. Los datos recabados y tratados son adecuados, relevantes y no excesivos en relaci\u00f3n con estos fines.<\/p>\n<p>4.3. Sin embargo, los datos personales tambi\u00e9n se pueden utilizar para otras operaciones de procesamiento dentro de los l\u00edmites de dichas aplicaciones. En particular, los datos personales se pueden procesar para los siguientes fines:<\/p>\n<p>A) cuando solicita asistencia de atenci\u00f3n al cliente, recopilamos datos personales (por ejemplo, nombre y apellido, direcci\u00f3n de correo electr\u00f3nico) \u00fanicamente con el fin de brindarle servicios de atenci\u00f3n al cliente relevantes para este sitio web;<br \/>\nB) cuando se registra, recopilamos datos personales para simplificar su experiencia con nosotros;<br \/>\nC) cuando se suscribe al bolet\u00edn, recopilamos su direcci\u00f3n de correo electr\u00f3nico con el fin de ofrecerle este servicio;<br \/>\nD) al navegar por nuestro sitio web, recopilamos cookies. Dependiendo de su gesti\u00f3n de las cookies en nuestro sitio web y su interacci\u00f3n con nosotros, utilizamos cierta informaci\u00f3n recopilada por las cookies con el fin de garantizar el correcto funcionamiento del sitio web, destacando la correcta visualizaci\u00f3n del contenido, recordando el registro, ajustando la resoluci\u00f3n de la pantalla, para mejorar nuestras ofertas, entre otras. Esta informaci\u00f3n incluye datos de registro, ubicaci\u00f3n, duraci\u00f3n de la sesi\u00f3n, productos que seleccion\u00f3, equipo, navegador y direcci\u00f3n IP.<br \/>\nE) cuando navega por nuestro sitio web y luego visita plataformas donde existe el formato publicitario (redes sociales, google y otros socios de estas redes) puede verse afectado por anuncios de nuestra marca. Tambi\u00e9n utilizaremos los datos para llegar a nuevos usuarios potenciales que puedan estar interesados \u200b\u200ben nuestros productos.<\/p>\n<p>4.4. A la hora de recopilar datos, indicamos los campos obligatorios con asteriscos, cuando el dato en cuesti\u00f3n es necesario para:<\/p>\n<ul>\n<li>Celebre nuestro contrato con usted (por ejemplo, para proporcionar informaci\u00f3n sobre nuestros productos);<\/li>\n<li>Brindarle el servicio que solicit\u00f3 (por ejemplo, brind\u00e1ndole un bolet\u00edn informativo); o<\/li>\n<li>Respete los requisitos legales (por ejemplo, facturaci\u00f3n).<\/li>\n<\/ul>\n<p>4.5. Los datos personales pueden ser comunicados a los prestadores de servicios Vitor Moreira Mobili\u00e1rio con la finalidad de prestar servicios, a las autoridades judiciales, fiscales y regulatorias, con el fin de cumplir con los requisitos legales.<\/p>\n<p><strong>5. Consentimiento<\/strong><\/p>\n<p>El respeto a la voluntad del usuario es una de las principales preocupaciones de Vitor Moreira Mobili\u00e1rio en lo que respecta al tratamiento de datos personales. Sin embargo, no queremos afectar la relaci\u00f3n que tenemos con el usuario o no cumplir con sus expectativas. Por tanto, consideramos que, si tuvo relaci\u00f3n con nosotros en el \u00faltimo a\u00f1o, es decir, si realiz\u00f3 una compra de un bien o servicio, no fue necesario solicitar su consentimiento. A\u00fan as\u00ed, si no est\u00e1 de acuerdo, puede objetar escribi\u00e9ndonos a info@vmmobiliario.com.<\/p>\n<p>6. Derechos de usuario<\/p>\n<p>6.1. Para ejercitar el derecho de acceso, rectificaci\u00f3n, supresi\u00f3n, olvido o bloqueo de los datos personales, el usuario puede enviar una comunicaci\u00f3n por escrito a la siguiente direcci\u00f3n de correo electr\u00f3nico: info@vmmobiliario.com.<\/p>\n<p>6.2. Si desea dejar de recibir comunicaciones de marketing directo, puede, en cualquier momento, ejercer el derecho a oponerse al tratamiento de los datos personales, gestionando los consentimientos disponibles en el \u00e1rea de clientes. Tambi\u00e9n puede hacerlo enviando un correo electr\u00f3nico a la direcci\u00f3n de correo electr\u00f3nico info@vmmobiliario.com.<\/p>\n<p><strong>7. Seguridad<\/strong><\/p>\n<p>7.1 Vitor Moreira Mobili\u00e1rio utiliza las medidas de seguridad adecuadas para proteger los datos personales contra la destrucci\u00f3n accidental o il\u00edcita, p\u00e9rdida accidental, alteraci\u00f3n, difusi\u00f3n o acceso no autorizado, y contra cualquier otra forma de tratamiento il\u00edcito.<\/p>\n<p>7.2. No obstante, Vitor Moreira Mobili\u00e1rio no puede garantizar que las medidas de seguridad adoptadas para la protecci\u00f3n de este sitio web y para la transmisi\u00f3n de datos e informaci\u00f3n a trav\u00e9s de este sitio web prevengan o excluyan cualquier riesgo de acceso no autorizado o p\u00e9rdida de datos. Por lo tanto, recomendamos que la computadora est\u00e9 equipada con dispositivos de software que la protejan de la transmisi\u00f3n y recepci\u00f3n de datos (como los sistemas antivirus actualizados), y que el navegador tome las medidas adecuadas para garantizar la seguridad en la transmisi\u00f3n de datos (como un cortafuegos y filtros antispam).<\/p>\n<p><strong>8. Per\u00edodo de conservaci\u00f3n y procesamiento<\/strong><\/p>\n<p>8.1. Los datos son conservados por Vitor Moreira Mobili\u00e1rio para las finalidades aqu\u00ed descritas durante el tiempo necesario para las finalidades antes mencionadas, salvo que los datos personales en cuesti\u00f3n sean necesarios para acreditar el cumplimiento de obligaciones, hasta que expire el plazo de prescripci\u00f3n de los correspondientes derechos, o si existiera es un per\u00edodo m\u00e1s largo de retenci\u00f3n de datos impuesto por la ley.<\/p>\n<p>8.2. Cuando los datos personales ya no sean necesarios, se eliminar\u00e1n de nuestros sistemas y registros o se mantendr\u00e1n de forma an\u00f3nima para que no pueda ser identificado por ellos.<\/p>\n","protected":false},"excerpt":{"rendered":"<p>\u201cVitor Moreira\u201d (Vitor Moreira Unipessoal Lda.), en adelante \u201cVitor Moreira Mobili\u00e1rio\u201d, reconoce la importancia de la protecci\u00f3n de los datos personales. Valoramos la honestidad y la transparencia, para construir una relaci\u00f3n duradera con nuestros usuarios, basada en la confianza y el beneficio mutuo. Esta Pol\u00edtica de Privacidad est\u00e1 destinada a explicar nuestro proceso de procesamiento [&hellip;]<\/p>\n","protected":false},"author":1,"featured_media":0,"parent":0,"menu_order":0,"comment_status":"closed","ping_status":"closed","template":"","meta":{"footnotes":""},"class_list":["post-2444","page","type-page","status-publish","hentry"],"_links":{"self":[{"href":"https:\/\/vmmobiliario.com\/es\/wp-json\/wp\/v2\/pages\/2444","targetHints":{"allow":["GET"]}}],"collection":[{"href":"https:\/\/vmmobiliario.com\/es\/wp-json\/wp\/v2\/pages"}],"about":[{"href":"https:\/\/vmmobiliario.com\/es\/wp-json\/wp\/v2\/types\/page"}],"author":[{"embeddable":true,"href":"https:\/\/vmmobiliario.com\/es\/wp-json\/wp\/v2\/users\/1"}],"replies":[{"embeddable":true,"href":"https:\/\/vmmobiliario.com\/es\/wp-json\/wp\/v2\/comments?post=2444"}],"version-history":[{"count":6,"href":"https:\/\/vmmobiliario.com\/es\/wp-json\/wp\/v2\/pages\/2444\/revisions"}],"predecessor-version":[{"id":5157,"href":"https:\/\/vmmobiliario.com\/es\/wp-json\/wp\/v2\/pages\/2444\/revisions\/5157"}],"wp:attachment":[{"href":"https:\/\/vmmobiliario.com\/es\/wp-json\/wp\/v2\/media?parent=2444"}],"curies":[{"name":"wp","href":"https:\/\/api.w.org\/{rel}","templated":true}]}}