{"id":2440,"date":"2021-07-23T10:13:49","date_gmt":"2021-07-23T10:13:49","guid":{"rendered":"https:\/\/vmmobiliario.basic-dev.com\/?page_id=2440"},"modified":"2021-12-07T11:38:32","modified_gmt":"2021-12-07T11:38:32","slug":"resolucion-de-conflicto-alternativa","status":"publish","type":"page","link":"https:\/\/vmmobiliario.com\/es\/resolucion-de-conflicto-alternativa\/","title":{"rendered":"Resoluci\u00f3n de conflicto alternativa"},"content":{"rendered":"<h2>AVISO AL CONSUMIDOR<\/h2>\n<h5>De acuerdo con la Ley n. 144\/2015, del 8 de septiembre de 2015, hemos revelado todas las Entidades Alternativas de Resoluci\u00f3n de Disputas con las que se puede contactar en caso de conflicto, al comprar un producto o servicio mencionado en este sitio web.<br \/>\nCabe se\u00f1alar que cuando es necesario, esta soluci\u00f3n frente a la v\u00eda judicial suele ser m\u00e1s r\u00e1pida, menos formal y menos costosa. De esta manera, si no est\u00e1 satisfecho y desea exponer su situaci\u00f3n, puede hacerlo comunic\u00e1ndose con una Entidad Alternativa de Resoluci\u00f3n de Disputas.<\/h5>\n<p><strong>CNIACC &#8211; Centro Nacional de Informaci\u00f3n y Arbitraje de Conflictos del Consumidor<\/strong><\/p>\n<p>www.arbitragemdeconsumo.org<\/p>\n<p><strong>CIMAAL &#8211; Centro de Arbitraje, Mediaci\u00f3n e Informaci\u00f3n sobre Disputas del Consumidor del Algarve<\/strong><\/p>\n<p>www.consumidoronline.pt<\/p>\n<p><strong>CACCDC &#8211; Centro de arbitraje para disputas de consumidores del distrito de Coimbra<\/strong><\/p>\n<p>www.centrodearbitragemdecoimbra.com<\/p>\n<p><strong>CIMPAS &#8211; Centro de Proveedores de Informaci\u00f3n, Mediaci\u00f3n y Seguros<\/strong><\/p>\n<p>www.cimpas.pt<br \/>\nM\u00e1s informaci\u00f3n en el Portal del consumidor &#8211; www.consumidor.pt<\/p>\n<p><strong>CACCL &#8211; Centro de Arbitraje de Conflictos del Consumidor de Lisboa<\/strong><\/p>\n<p>www.centroarbitragemlisboa.pt<\/p>\n<p><strong>CICAP &#8211; Centro de Informaci\u00f3n de Arbitraje y Consumo de Oporto<\/strong><\/p>\n<p>www.cicap.pt<\/p>\n<p><strong>CIAB &#8211; Centro de informaci\u00f3n al consumidor, mediaci\u00f3n y arbitraje<\/strong><br \/>\n(Tribunal Arbitral de Consumo)<\/p>\n<p>www.ciab.pt<\/p>\n<p><strong>CACCDC &#8211; Centro de arbitraje para disputas de consumidores del distrito de Coimbra<\/strong><\/p>\n<p>www.centrodearbitragemdecoimbra.com<\/p>\n<p><strong>CACC-RAM &#8211; Centro de arbitraje de conflictos de consumidores de RAM<\/strong><\/p>\n<p>https:\/\/www.madeira.gov.pt\/cacc\/<\/p>\n<p><strong>CASA &#8211; Centro de Arbitraje del Sector Automotriz<\/strong><\/p>\n<p>www.arbitragemauto.pt<\/p>\n","protected":false},"excerpt":{"rendered":"<p>AVISO AL CONSUMIDOR De acuerdo con la Ley n. 144\/2015, del 8 de septiembre de 2015, hemos revelado todas las Entidades Alternativas de Resoluci\u00f3n de Disputas con las que se puede contactar en caso de conflicto, al comprar un producto o servicio mencionado en este sitio web. Cabe se\u00f1alar que cuando es necesario, esta soluci\u00f3n [&hellip;]<\/p>\n","protected":false},"author":1,"featured_media":0,"parent":0,"menu_order":0,"comment_status":"closed","ping_status":"closed","template":"","meta":{"footnotes":""},"class_list":["post-2440","page","type-page","status-publish","hentry"],"_links":{"self":[{"href":"https:\/\/vmmobiliario.com\/es\/wp-json\/wp\/v2\/pages\/2440","targetHints":{"allow":["GET"]}}],"collection":[{"href":"https:\/\/vmmobiliario.com\/es\/wp-json\/wp\/v2\/pages"}],"about":[{"href":"https:\/\/vmmobiliario.com\/es\/wp-json\/wp\/v2\/types\/page"}],"author":[{"embeddable":true,"href":"https:\/\/vmmobiliario.com\/es\/wp-json\/wp\/v2\/users\/1"}],"replies":[{"embeddable":true,"href":"https:\/\/vmmobiliario.com\/es\/wp-json\/wp\/v2\/comments?post=2440"}],"version-history":[{"count":3,"href":"https:\/\/vmmobiliario.com\/es\/wp-json\/wp\/v2\/pages\/2440\/revisions"}],"predecessor-version":[{"id":5159,"href":"https:\/\/vmmobiliario.com\/es\/wp-json\/wp\/v2\/pages\/2440\/revisions\/5159"}],"wp:attachment":[{"href":"https:\/\/vmmobiliario.com\/es\/wp-json\/wp\/v2\/media?parent=2440"}],"curies":[{"name":"wp","href":"https:\/\/api.w.org\/{rel}","templated":true}]}}